{"id":872,"date":"2025-10-09T13:11:07","date_gmt":"2025-10-09T11:11:07","guid":{"rendered":"https:\/\/congresodiosa.umh.es\/comite-organizador\/"},"modified":"2025-11-30T13:46:12","modified_gmt":"2025-11-30T12:46:12","slug":"organizing-committee","status":"publish","type":"page","link":"https:\/\/congresodiosa.umh.es\/en\/organizing-committee\/","title":{"rendered":"Organizing Committee"},"content":{"rendered":"<p>[et_pb_section fb_built=&#8221;1&#8243; _builder_version=&#8221;4.17.4&#8243; _module_preset=&#8221;default&#8221; global_colors_info=&#8221;{}&#8221;][et_pb_row _builder_version=&#8221;4.17.4&#8243; _module_preset=&#8221;default&#8221; global_colors_info=&#8221;{}&#8221;][et_pb_column type=&#8221;4_4&#8243; _builder_version=&#8221;4.17.4&#8243; _module_preset=&#8221;default&#8221; global_colors_info=&#8221;{}&#8221;][et_pb_text _builder_version=&#8221;4.17.4&#8243; _module_preset=&#8221;default&#8221; global_colors_info=&#8221;{}&#8221;]<\/p>\n<h1 style=\"text-align: center\"><strong>ORGANIZING COMMITTEE<\/strong><\/h1>\n<p>[\/et_pb_text][\/et_pb_column][\/et_pb_row][et_pb_row _builder_version=&#8221;4.17.4&#8243; _module_preset=&#8221;default&#8221; global_colors_info=&#8221;{}&#8221;][et_pb_column type=&#8221;4_4&#8243; _builder_version=&#8221;4.17.4&#8243; _module_preset=&#8221;default&#8221; global_colors_info=&#8221;{}&#8221;][et_pb_text admin_label=&#8221;TITULO PRESIDENTA&#8221; _builder_version=&#8221;4.17.4&#8243; _module_preset=&#8221;default&#8221; border_width_bottom=&#8221;1px&#8221; global_colors_info=&#8221;{}&#8221;]<\/p>\n<h2><span style=\"color: #485e29\"><strong>ACADEMIC CHAIR OF THE ORGANIZING COMMITTEE:<\/strong><\/span><\/h2>\n<p>&nbsp;<\/p>\n<p>[\/et_pb_text][et_pb_text admin_label=&#8221;ANASTASIA&#8221; _builder_version=&#8221;4.17.4&#8243; _module_preset=&#8221;default&#8221; global_colors_info=&#8221;{}&#8221;]<\/p>\n<ul>\n<li><strong>Dra. Anastasia T\u00e9llez Infantes<\/strong><br \/>Full proffessor. Miguel Hern\u00e1ndez University of Elche (UMH)<\/li>\n<\/ul>\n<p>[\/et_pb_text][\/et_pb_column][\/et_pb_row][et_pb_row _builder_version=&#8221;4.17.4&#8243; _module_preset=&#8221;default&#8221; global_colors_info=&#8221;{}&#8221;][et_pb_column type=&#8221;4_4&#8243; _builder_version=&#8221;4.17.4&#8243; _module_preset=&#8221;default&#8221; global_colors_info=&#8221;{}&#8221;][et_pb_text admin_label=&#8221;TITULO SECRETARIA&#8221; _builder_version=&#8221;4.17.4&#8243; _module_preset=&#8221;default&#8221; border_width_bottom=&#8221;1px&#8221; global_colors_info=&#8221;{}&#8221;]<\/p>\n<h2><span style=\"color: #485e29\"><strong>ACADEMIC SECRETARY OF THE ORGANIZING COMMITTEE:<\/strong><\/span><\/h2>\n<p>&nbsp;<\/p>\n<p>[\/et_pb_text][\/et_pb_column][\/et_pb_row][et_pb_row column_structure=&#8221;1_2,1_2&#8243; _builder_version=&#8221;4.17.4&#8243; _module_preset=&#8221;default&#8221; global_colors_info=&#8221;{}&#8221;][et_pb_column type=&#8221;1_2&#8243; _builder_version=&#8221;4.17.4&#8243; _module_preset=&#8221;default&#8221; global_colors_info=&#8221;{}&#8221;][et_pb_text admin_label=&#8221;AMPARO&#8221; _builder_version=&#8221;4.17.4&#8243; _module_preset=&#8221;default&#8221; global_colors_info=&#8221;{}&#8221;]<\/p>\n<ul>\n<li><strong>Mrs. Mar\u00eda Amparo Calabuig Puig<\/strong><br \/>Proffessor University of Murcia<\/li>\n<\/ul>\n<p>[\/et_pb_text][\/et_pb_column][et_pb_column type=&#8221;1_2&#8243; _builder_version=&#8221;4.17.4&#8243; _module_preset=&#8221;default&#8221; global_colors_info=&#8221;{}&#8221;][et_pb_text admin_label=&#8221;FER&#8221; _builder_version=&#8221;4.17.4&#8243; _module_preset=&#8221;default&#8221; hover_enabled=&#8221;0&#8243; global_colors_info=&#8221;{}&#8221; sticky_enabled=&#8221;0&#8243;]<\/p>\n<ul>\n<li><strong>Dr. Fernando Herranz Vel\u00e1zquez<\/strong><br \/>Proffessor University of Murcia<\/li>\n<\/ul>\n<p>[\/et_pb_text][\/et_pb_column][\/et_pb_row][et_pb_row _builder_version=&#8221;4.17.4&#8243; _module_preset=&#8221;default&#8221; global_colors_info=&#8221;{}&#8221;][et_pb_column type=&#8221;4_4&#8243; _builder_version=&#8221;4.17.4&#8243; _module_preset=&#8221;default&#8221; global_colors_info=&#8221;{}&#8221;][et_pb_text admin_label=&#8221;TITULO VOCALES&#8221; _builder_version=&#8221;4.17.4&#8243; _module_preset=&#8221;default&#8221; border_width_bottom=&#8221;1px&#8221; global_colors_info=&#8221;{}&#8221;]<\/p>\n<h2><span style=\"color: #485e29\"><strong>MEMBERS<\/strong><\/span><\/h2>\n<p>&nbsp;<\/p>\n<p>[\/et_pb_text][\/et_pb_column][\/et_pb_row][et_pb_row column_structure=&#8221;1_2,1_2&#8243; _builder_version=&#8221;4.17.4&#8243; _module_preset=&#8221;default&#8221; global_colors_info=&#8221;{}&#8221;][et_pb_column type=&#8221;1_2&#8243; _builder_version=&#8221;4.17.4&#8243; _module_preset=&#8221;default&#8221; global_colors_info=&#8221;{}&#8221;][et_pb_text _builder_version=&#8221;4.17.4&#8243; _module_preset=&#8221;default&#8221; global_colors_info=&#8221;{}&#8221;]<\/p>\n<ul>\n<li><strong>Dra. Rosario Carmona Paredes<\/strong><br \/>Collaborator Professor, UMH. Director of the Equality Unit, UMH.<\/li>\n<li><strong>Dra. Laura Cort\u00e9s Selva.<\/strong><br \/>Professor, UMH.<\/li>\n<li><strong>Dr. Jos\u00e9 Antonio Cavero Rubio.<\/strong><br \/>Professor, UMH.<\/li>\n<li><strong>Dra. Juana Aznar M\u00e1rquez<\/strong>.<br \/>Professor, UMH.<\/li>\n<li><strong>Dra. Ana Mart\u00ed de Olives.<\/strong><br \/>Professor, UMH.<\/li>\n<li><strong>Dr. Francisco Juli\u00e1n Cano.<\/strong><br \/>Professor, UMH.<\/li>\n<li><strong>Dra. Montserrat Jurado Mart\u00edn.<\/strong><br \/>Professor, UMH.<\/li>\n<li><strong>Dra. Roc\u00edo Cifuentes Albeza.<\/strong><br \/>Permanent Laboral Professor, UMH<\/li>\n<li><strong>Dra. Alicia S\u00e1nchez P\u00e9rez.<\/strong><br \/>Professor, UMH.<\/li>\n<li><strong>D\u00aa Mar\u00eda del Mar Maci\u00e1 D\u00edaz.<\/strong><br \/>Equality Unit, UMH<\/li>\n<\/ul>\n<p>[\/et_pb_text][\/et_pb_column][et_pb_column type=&#8221;1_2&#8243; _builder_version=&#8221;4.17.4&#8243; _module_preset=&#8221;default&#8221; global_colors_info=&#8221;{}&#8221;][et_pb_text _builder_version=&#8221;4.17.4&#8243; _module_preset=&#8221;default&#8221; global_colors_info=&#8221;{}&#8221;]<\/p>\n<ul>\n<li><strong>Dr. Javier Eloy Mart\u00ednez Guirao.<\/strong><br \/>Professor, University of Murcia.<\/li>\n<li><strong>Dra. Mar\u00eda Quiles Bail\u00e9n.<\/strong><br \/>Associate Professor, University of Murcia.<\/li>\n<li><strong>D\u00aa. Rebeca de las Heras Ponce<\/strong><br \/>Miguel Hern\u00e1ndez University of Elche<\/li>\n<li><strong>Dra. Marta Blanco Fern\u00e1ndez.<\/strong><br \/>Secondary Education Professor<\/li>\n<li><strong>D\u00aa. Remedios Calpena Padilla<\/strong><\/li>\n<li><strong>D\u00aa. Salud Navarro Calatayud<\/strong><\/li>\n<li><strong>D\u00aa. Pepa Mu\u00f1oz Vega<\/strong><\/li>\n<li><strong>D\u00aa. Nuria Garc\u00eda Soriano<\/strong><\/li>\n<li><strong>D\u00aa. Miriam Ruth Lillo Prieto<\/strong><\/li>\n<li><strong>D\u00aa. Nieves Garrido Morales<\/strong><\/li>\n<li><strong>D\u00aa. Esperanza L\u00f3pez Elvira<\/strong><\/li>\n<li><strong>D\u00aa. Marta Mateos Revuelta<\/strong><\/li>\n<li><strong>D\u00aa. Nieves Esquembre Caparr\u00f3s<\/strong><\/li>\n<\/ul>\n<p>[\/et_pb_text][\/et_pb_column][\/et_pb_row][\/et_pb_section]<\/p>\n","protected":false},"excerpt":{"rendered":"<p>ORGANIZING COMMITTEEACADEMIC CHAIR OF THE ORGANIZING COMMITTEE: &nbsp; Dra. Anastasia T\u00e9llez InfantesFull proffessor. Miguel Hern\u00e1ndez University of Elche (UMH) ACADEMIC SECRETARY OF THE ORGANIZING COMMITTEE: &nbsp; Mrs. Mar\u00eda Amparo Calabuig PuigProffessor University of Murcia Dr. Fernando Herranz Vel\u00e1zquezProffessor University of Murcia MEMBERS &nbsp; Dra. Rosario Carmona ParedesCollaborator Professor, UMH. Director of the Equality Unit, UMH. [&hellip;]<\/p>\n","protected":false},"author":25245,"featured_media":0,"parent":0,"menu_order":0,"comment_status":"closed","ping_status":"closed","template":"","meta":{"_et_pb_use_builder":"on","_et_pb_old_content":"","_et_gb_content_width":"","_links_to":"","_links_to_target":""},"_links":{"self":[{"href":"https:\/\/congresodiosa.umh.es\/en\/wp-json\/wp\/v2\/pages\/872"}],"collection":[{"href":"https:\/\/congresodiosa.umh.es\/en\/wp-json\/wp\/v2\/pages"}],"about":[{"href":"https:\/\/congresodiosa.umh.es\/en\/wp-json\/wp\/v2\/types\/page"}],"author":[{"embeddable":true,"href":"https:\/\/congresodiosa.umh.es\/en\/wp-json\/wp\/v2\/users\/25245"}],"replies":[{"embeddable":true,"href":"https:\/\/congresodiosa.umh.es\/en\/wp-json\/wp\/v2\/comments?post=872"}],"version-history":[{"count":0,"href":"https:\/\/congresodiosa.umh.es\/en\/wp-json\/wp\/v2\/pages\/872\/revisions"}],"wp:attachment":[{"href":"https:\/\/congresodiosa.umh.es\/en\/wp-json\/wp\/v2\/media?parent=872"}],"curies":[{"name":"wp","href":"https:\/\/api.w.org\/{rel}","templated":true}]}}