{"id":830,"date":"2025-10-03T13:54:25","date_gmt":"2025-10-03T11:54:25","guid":{"rendered":"https:\/\/congresodiosa.umh.es\/sesiones-cientificas\/"},"modified":"2025-10-31T13:22:10","modified_gmt":"2025-10-31T12:22:10","slug":"scientific-sessions","status":"publish","type":"page","link":"https:\/\/congresodiosa.umh.es\/en\/scientific-sessions\/","title":{"rendered":"Scientific Sessions"},"content":{"rendered":"<p>[et_pb_section fb_built=&#8221;1&#8243; _builder_version=&#8221;4.17.4&#8243; _module_preset=&#8221;default&#8221; global_colors_info=&#8221;{}&#8221;][et_pb_row _builder_version=&#8221;4.17.4&#8243; _module_preset=&#8221;default&#8221; global_colors_info=&#8221;{}&#8221;][et_pb_column type=&#8221;4_4&#8243; _builder_version=&#8221;4.17.4&#8243; _module_preset=&#8221;default&#8221; global_colors_info=&#8221;{}&#8221;][et_pb_text _builder_version=&#8221;4.17.4&#8243; _module_preset=&#8221;default&#8221; hover_enabled=&#8221;0&#8243; global_colors_info=&#8221;{}&#8221; sticky_enabled=&#8221;0&#8243;]<\/p>\n<h1 style=\"text-align: center\"><strong>SCIENTIFIC SESSIONS<\/strong><\/h1>\n<p>[\/et_pb_text][\/et_pb_column][\/et_pb_row][et_pb_row _builder_version=&#8221;4.17.4&#8243; _module_preset=&#8221;default&#8221; global_colors_info=&#8221;{}&#8221;][et_pb_column type=&#8221;4_4&#8243; _builder_version=&#8221;4.17.4&#8243; _module_preset=&#8221;default&#8221; global_colors_info=&#8221;{}&#8221;][et_pb_text _builder_version=&#8221;4.17.4&#8243; _module_preset=&#8221;default&#8221; hover_enabled=&#8221;0&#8243; global_colors_info=&#8221;{}&#8221; sticky_enabled=&#8221;0&#8243;]<\/p>\n<h2><span style=\"color: #485e29\"><strong>SCIENTIFIC SESSION 1 <\/strong><strong><em>FEMININE SPIRITUALITY, SPIRITUAL FEMINISM, THE CULT OF THE GODDESS AND THE SACRED FEMININE<\/em><\/strong><\/span><\/h2>\n<p><span style=\"color: #789745\"><strong>Friday, June 26, 2026, 4-6 p.m. \u2013 ROOM 0.2 (Altabix Building, Elche Campus, UMH)<\/strong><\/span><\/p>\n<p style=\"padding-left: 40px\"><strong>Coordination:<\/strong><\/p>\n<p style=\"padding-left: 80px\">&#8211; Dra. Ana Mar\u00eda Mart\u00ed de Olives. Miguel Hern\u00e1ndez University of Elche.<br \/>&#8211; Dra. Roc\u00edo Cifuentes Albeza. Miguel Hern\u00e1ndez University of Elche.<\/p>\n<p><span style=\"color: #9e6123\"><strong>SUGGESTED TOPICS FOR PAPERS:<\/strong><\/span><\/p>\n<p style=\"text-align: justify\">The Spirituality of the Goddess. Revaluation of the sacred feminine. The Goddess Movement or Cult of the Goddess. The Avalon Tradition. The Sacred Feminine and Gender Equality. The Archaeology of the Goddess. Art and Mythology: goddesses. Feminine spiritualities. Spiritual Feminism: a debate within academia and activism. Fourth-Wave Feminism and Spirituality. Women\u2019s Circles across the world. New feminine narratives that sacralize nature\u2019s and women\u2019s cycles. Feminine divinity prior to patriarchal religions. Transforming religious practices through a gender perspective. Rituals and ancestral practices: placing the feminine at the center. Symbolic reformulations free from patriarchal, androcentric, and sexist bias of traditional discourses on the divine feminine. Spirituality that re-symbolizes the feminine divine. The relationship between contemporary feminism and the spirituality of the Goddess. Red Tents. Self-awareness circles. Rituals of the Goddess: marketing. The spirituality of the Goddess and \u201ccultural products\u201d (literature, cinema, theater, music videos, advertising, music, series, audiovisual media, etc.) as tools for education and awareness. The commodification and the Cult of the Sacred Feminine in the 21st century. Goddess-related spiritual tourism. Discourses on the Goddess: myths and legends about the feminine divinity; individual narratives outside the discourses of traditional religions. The Cult of the Goddess today.<\/p>\n<p>&nbsp;<\/p>\n<h2><span style=\"color: #485e29\"><strong>SCIENTIFIC SESSION 2 <\/strong><strong><em>WOMEN&#8217;S CIRCLES<\/em><\/strong><\/span><\/h2>\n<p><span style=\"color: #789745\"><strong>Friday, June 26, 2026, 4-6 p.m. \u2013 ROOM 0.4 (Altabix Building, Elche Campus, UMH)<\/strong><\/span><\/p>\n<p style=\"padding-left: 40px\"><strong>Coordination:<\/strong><\/p>\n<p style=\"padding-left: 80px\">&#8211; Dra. Montserrat Jurado Mar\u00edn. Miguel Hern\u00e1ndez University of Elche.<br \/>&#8211; Dra. Laura Cort\u00e9s Selva. Miguel Hern\u00e1ndez University of Elche.<\/p>\n<p>&nbsp;<\/p>\n<p><span style=\"color: #9e6123\"><strong>SUGGESTED TOPICS FOR PAPERS:<\/strong><\/span><\/p>\n<p style=\"text-align: justify\">Women&#8217;s circles. Circles and sorority. Feminism and Women&#8217;s Circles today. Integration of corporeality: women in circles. Circles of wise women: ancestors. Women&#8217;s Circles: dance and music. Women&#8217;s Circles, coaching and personal growth. Women&#8217;s Circles and the cult of the Goddess. Women&#8217;s Circles: personal transformation and creation of a social movement that promotes gender equality, women&#8217;s leadership and social justice. Women&#8217;s Circles and women&#8217;s life cycles. Pachamama, the Earth, nature and Women&#8217;s Circles. The role of new technologies and the Internet in the expansion of Women&#8217;s Circles. Women&#8217;s Circles: leadership, health and well-being. Women&#8217;s Circles and prevention of gender violence. Alliances and feminine collectivities from a group point of view: the power of circles. Circles as spiritual and communal spaces: feminine empowerment through sisterhood. Women&#8217;s Circles as places of support, self-knowledge and personal and social transformation. Critical awareness and political activism in search of gender equality through Women&#8217;s Circles. Women&#8217;s Circles as collaborative spaces: shared discourses and practices for the promotion of gender equality and cultural transformation<\/p>\n<p>&nbsp;<\/p>\n<hr \/>\n<p style=\"text-align: justify\">For both scientific sessions, we aim to welcome experts from different parts of the world to present their contributions. While in\u00a0person participation is prioritized, there is also the possibility for online participants to share their knowledge, experiences, and research, providing both a global and local vision of the phenomenon\u2014an approach that enriches the debate and opens paths for concrete action.<\/p>\n<p>[\/et_pb_text][\/et_pb_column][\/et_pb_row][\/et_pb_section]<\/p>\n","protected":false},"excerpt":{"rendered":"<p>SCIENTIFIC SESSIONSSCIENTIFIC SESSION 1 FEMININE SPIRITUALITY, SPIRITUAL FEMINISM, THE CULT OF THE GODDESS AND THE SACRED FEMININE Friday, June 26, 2026, 4-6 p.m. \u2013 ROOM 0.2 (Altabix Building, Elche Campus, UMH) Coordination: &#8211; Dra. Ana Mar\u00eda Mart\u00ed de Olives. Miguel Hern\u00e1ndez University of Elche.- Dra. Roc\u00edo Cifuentes Albeza. Miguel Hern\u00e1ndez University of Elche. SUGGESTED TOPICS [&hellip;]<\/p>\n","protected":false},"author":25245,"featured_media":0,"parent":0,"menu_order":0,"comment_status":"closed","ping_status":"closed","template":"","meta":{"_et_pb_use_builder":"on","_et_pb_old_content":"","_et_gb_content_width":"","_links_to":"","_links_to_target":""},"_links":{"self":[{"href":"https:\/\/congresodiosa.umh.es\/en\/wp-json\/wp\/v2\/pages\/830"}],"collection":[{"href":"https:\/\/congresodiosa.umh.es\/en\/wp-json\/wp\/v2\/pages"}],"about":[{"href":"https:\/\/congresodiosa.umh.es\/en\/wp-json\/wp\/v2\/types\/page"}],"author":[{"embeddable":true,"href":"https:\/\/congresodiosa.umh.es\/en\/wp-json\/wp\/v2\/users\/25245"}],"replies":[{"embeddable":true,"href":"https:\/\/congresodiosa.umh.es\/en\/wp-json\/wp\/v2\/comments?post=830"}],"version-history":[{"count":0,"href":"https:\/\/congresodiosa.umh.es\/en\/wp-json\/wp\/v2\/pages\/830\/revisions"}],"wp:attachment":[{"href":"https:\/\/congresodiosa.umh.es\/en\/wp-json\/wp\/v2\/media?parent=830"}],"curies":[{"name":"wp","href":"https:\/\/api.w.org\/{rel}","templated":true}]}}