{"id":824,"date":"2025-10-03T13:51:43","date_gmt":"2025-10-03T11:51:43","guid":{"rendered":"https:\/\/congresodiosa.umh.es\/programa\/"},"modified":"2025-12-14T11:07:29","modified_gmt":"2025-12-14T10:07:29","slug":"program","status":"publish","type":"page","link":"https:\/\/congresodiosa.umh.es\/en\/program\/","title":{"rendered":"Program"},"content":{"rendered":"<p>[et_pb_section fb_built=&#8221;1&#8243; _builder_version=&#8221;4.17.4&#8243; _module_preset=&#8221;default&#8221; global_colors_info=&#8221;{}&#8221;][et_pb_row _builder_version=&#8221;4.17.4&#8243; _module_preset=&#8221;default&#8221; global_colors_info=&#8221;{}&#8221;][et_pb_column type=&#8221;4_4&#8243; _builder_version=&#8221;4.17.4&#8243; _module_preset=&#8221;default&#8221; global_colors_info=&#8221;{}&#8221;][et_pb_text _builder_version=&#8221;4.17.4&#8243; _module_preset=&#8221;default&#8221; global_colors_info=&#8221;{}&#8221;]<\/p>\n<h1 style=\"text-align: center\"><strong>PROGRAM<\/strong><\/h1>\n<p>[\/et_pb_text][\/et_pb_column][\/et_pb_row][et_pb_row _builder_version=&#8221;4.17.4&#8243; _module_preset=&#8221;default&#8221; global_colors_info=&#8221;{}&#8221;][et_pb_column type=&#8221;4_4&#8243; _builder_version=&#8221;4.17.4&#8243; _module_preset=&#8221;default&#8221; global_colors_info=&#8221;{}&#8221;][et_pb_text _builder_version=&#8221;4.17.4&#8243; _module_preset=&#8221;default&#8221; global_colors_info=&#8221;{}&#8221;]<\/p>\n<h1 style=\"text-align: center\"><strong>FIRST INTERNATIONAL CONGRESS ON THE CULT OF THE GODDESS: <\/strong><\/h1>\n<h1 style=\"text-align: center\"><strong>FEMININE SPIRITUALITY, SPIRITUAL FEMINISM AND WOMEN&#8217;S CIRCLES<\/strong><\/h1>\n<h1 style=\"text-align: center\"><strong>(CONCULTDIOSA I)<\/strong><\/h1>\n<h3>\u00a0<\/h3>\n<h3 style=\"text-align: center\"><strong>DATES:<\/strong><\/h3>\n<h3 style=\"text-align: center\">THURSDAY, JUNE 25, AND FRIDAY, JUNE 26, 2026<\/h3>\n<p>&nbsp;<\/p>\n<p>&nbsp;<\/p>\n<h3 style=\"text-align: center\"><strong>VENUE:<\/strong><\/h3>\n<h3 style=\"text-align: center\">ALTABIX BUILDING (ELCHE CAMPUS), MIGUEL HERN\u00c1NDEZ UNIVERSITY OF ELCHE<\/h3>\n<p>[\/et_pb_text][\/et_pb_column][\/et_pb_row][et_pb_row _builder_version=&#8221;4.17.4&#8243; _module_preset=&#8221;default&#8221; global_colors_info=&#8221;{}&#8221;][et_pb_column type=&#8221;4_4&#8243; _builder_version=&#8221;4.17.4&#8243; _module_preset=&#8221;default&#8221; global_colors_info=&#8221;{}&#8221;][et_pb_text admin_label=&#8221;jueves tarde&#8221; _builder_version=&#8221;4.17.4&#8243; _module_preset=&#8221;default&#8221; global_colors_info=&#8221;{}&#8221;]<\/p>\n<h2 style=\"text-align: center\"><strong><span style=\"color: #485e29\">THURSDAY, JUNE 25, 2026<\/span><\/strong><\/h2>\n<h2 style=\"text-align: center\"><span style=\"color: #485e29\"><span style=\"font-size: x-large\"><strong>AFTERNOON<\/strong><\/span><\/span><\/h2>\n<hr \/>\n<h3 style=\"text-align: center\"><span style=\"font-size: large;color: #789745\"><strong>Aula Magna<\/strong><\/span><\/h3>\n<p>&nbsp;<\/p>\n<p style=\"text-align: justify\">3:15 &#8211; 3:45 p.m. <strong>COLLECTION OF MATERIAL AND ACCREDITATIONS<\/strong><\/p>\n<p style=\"text-align: justify\">3:45 &#8211; 4:10 p.m. <strong>OPENING CEREMONY <\/strong><em>(to be confirmed)<\/em><\/p>\n<p style=\"padding-left: 40px;text-align: justify\">&#8211; Dr. \u00c1ngel Antonio Carbonell Barrachina. Vice-President of Research and Transfers, Miguel Hern\u00e1ndez University of Elche.<br \/>&#8211; Mrs. Cristina Hern\u00e1ndez Mart\u00edn.Director, Women&#8217;s Institute (Ministry of Equality), Government of Spain.<br \/>&#8211; Mrs. Davinia Bono Pozuelo. General Director of Equality and Institut Valenci\u00e0 de Les Dones, Generalitat Valenciana.<br \/>&#8211; Dra. Anastasia T\u00e9llez Infantes. Full Professor of Social Anthropology, President of the congress. Miguel Hern\u00e1ndez University of Elche.<\/p>\n<p style=\"text-align: justify\">4:10 &#8211; 4:40 p.m. <strong>PRESENTATION: \u201cTHE GODDESS, FEMINISM AND SPIRITUALITY: AN ANTHROPOLOGICAL APPROACH\u201d<\/strong><\/p>\n<p style=\"padding-left: 40px;text-align: justify\"><span style=\"text-decoration: underline\"><strong>Lecturer:<\/strong><\/span> Dra. Anastasia T\u00e9llez Infantes.<\/p>\n<p style=\"padding-left: 80px;text-align: justify\">Full Professor of Social Anthropology, Director of El\u00a0Portal de la Diosa, the Observatory on Masculinities, and ECULGE Research Group, Miguel Hern\u00e1ndez University of Elche.<\/p>\n<p style=\"padding-left: 40px;text-align: justify\"><strong><u>Presenter and moderator<\/u>:<\/strong> Mrs. M\u00aa Amparo Calabuig Puig.<\/p>\n<p style=\"padding-left: 80px;text-align: justify\">University of Murcia. Social Anthropology Department. Member and Researcher of the Goddess Portal of the ECULGE Research Group, Miguel Hern\u00e1ndez University of Elche.<\/p>\n<p style=\"text-align: justify\">4:40 &#8211; 6:00 p.m.<strong> OPENING LECTURE: \u201cRITUAL CIRCLES IN GODDESS TRADITIONS\u201d<em>\u00a0<\/em><\/strong><\/p>\n<p style=\"text-align: justify;padding-left: 40px\"><strong><u>Lecturer:<\/u> <\/strong>Mrs. Starhawk \u2014 Miriam Simos (United States).<\/p>\n<p style=\"text-align: justify;padding-left: 80px\">Writer, ecofeminist activist and international referent of the spiritual movement of the Goddess. Founder of the Reclaiming movement, which combines feminism, spirituality and political action.<\/p>\n<p style=\"text-align: justify;padding-left: 40px\"><strong><u>Presenter and moderator<\/u>:<\/strong> Dr. Maite Sarri\u00f3 Catal\u00e1.<\/p>\n<p style=\"text-align: justify;padding-left: 80px\">CEO of Escuela Infinita, Director of the P.I.D.E. Program. \u201cDiploma in EpiHappiness, Conscious Leadership, and Spiritual, Personal and Professional Empowerment for Women\u201d of Universidad NIU, based on the SER Infinita\u00ae approach.<\/p>\n<p style=\"text-align: justify\">6:00 &#8211; 6:30 p.m. <strong>COFFEE BREAK<\/strong><\/p>\n<p style=\"text-align: justify\">6:30 &#8211; 8:30 p.m. <strong>FIRST<\/strong> <strong>PANEL DISCUSSION: \u201cHEALTH, BODY AND FEMININE SPIRITUALITY<\/strong><strong><em>\u201d<\/em><\/strong><\/p>\n<p style=\"text-align: justify;padding-left: 40px\"><strong><u>Panellists:<\/u><\/strong><\/p>\n<p style=\"text-align: justify;padding-left: 80px\">&#8211; Dra. M\u00f3nica Cornejo Valle. Professor of Social Anthropology, Universidad Complutense de Madrid.<br \/>&#8211; Dra. Marta Blanco Fern\u00e1ndez. PhD in Interdisciplinary Gender Studies, Professor of Secondary Education.<br \/>&#8211; Dra. Maribel Bl\u00e1zquez Rodr\u00edguez. Professor of Social Anthropology, Universidad Complutense de Madrid.<br \/>&#8211; Dra. Sara Pastor-Talboom. Professor of Social Anthropology, Universidad Nacional de Educaci\u00f3n a Distancia.<\/p>\n<p style=\"text-align: justify;padding-left: 40px\"><strong><u>Moderator:<\/u><\/strong> Dra. Juana Aznar M\u00e1rquez.<\/p>\n<p style=\"text-align: justify;padding-left: 80px\">Miguel Hern\u00e1ndez University of Elche. Member and Researcher of the Goddess Portal of the ECULGE Research Group, Miguel Hern\u00e1ndez University of Elche.<\/p>\n<p>&nbsp;<\/p>\n<p>[\/et_pb_text][et_pb_text admin_label=&#8221;viernes ma\u00f1ana&#8221; _builder_version=&#8221;4.17.4&#8243; _module_preset=&#8221;default&#8221; global_colors_info=&#8221;{}&#8221;]<\/p>\n<h2 style=\"text-align: center\"><span style=\"color: #485e29\"><strong>FRIDAY, JUNE 26, 2026<\/strong><\/span><\/h2>\n<h2 style=\"text-align: center\"><span style=\"color: #485e29\"><span style=\"font-size: x-large\"><strong>MORNING<\/strong><\/span><\/span><\/h2>\n<hr \/>\n<h3 style=\"text-align: center\"><span style=\"font-size: large;color: #789745\"><strong>Aula Magna<\/strong><\/span><\/h3>\n<p>&nbsp;<\/p>\n<p style=\"text-align: justify\">9:30 &#8211; 11:00 a.m. <strong>CONFERENCE <em>\u201cWOMEN, CIRCLES AND SPIRITUALITIES FROM LATIN AMERICA<\/em><\/strong><strong><em>&#8220;<\/em><\/strong><\/p>\n<p style=\"padding-left: 40px;text-align: justify\"><strong><u>Lecturer:<\/u><\/strong> Dra. M\u00aa Rosario Ram\u00edrez Morales.<\/p>\n<p style=\"padding-left: 80px;text-align: justify\">Professor of Sociology and Anthropology at the Universidad de Guadalajara (Mexico).<\/p>\n<p style=\"padding-left: 40px;text-align: justify\"><strong><u>Presenter and moderator<\/u>:<\/strong> Mrs. Griselda Tolla Pino.<\/p>\n<p style=\"padding-left: 80px;text-align: justify\">Lecturer in Philosophy and Humanism. Vocational Education and Training (VET) instructor for employment. Director of OCYO (Organisation for Cooperation and Leisure for the Promotion of Solidarity and Conscious Tourism).<\/p>\n<p style=\"text-align: justify\"><strong>\u00a0<\/strong>11:00 &#8211; 11:30 a.m. <strong>COFFEE BREAK<\/strong><\/p>\n<p style=\"text-align: justify\">11:30 &#8211; 1:30 a.m. <strong>PANEL DISCUSSION: <em>PRACTICAL EXPERIENCES WITH WOMEN&#8217;S CIRCLES<\/em><\/strong><\/p>\n<p style=\"padding-left: 40px;text-align: justify\"><strong><u>Panellists:<\/u><\/strong><\/p>\n<p style=\"padding-left: 80px;text-align: justify\">&#8211; Dra. Maite Sarri\u00f3 Catal\u00e1. Facilitator of \u201cInfinitas\u201d Women&#8217;s Circles.<br \/>&#8211; D\u00aa. Bel\u00e9n Carbonell Magdala. Facilitator of Women&#8217;s Circles and Sacred Soul Dance.<br \/>&#8211; D\u00aa. Remedios Calpena Padilla. Facilitator of \u201cFeminine Renovation\u201d Women\u2019s Circles.<br \/>&#8211; D\u00aa Marta Nu\u00f1ez M\u00fagica. Facilitator of Women&#8217;s Circles from a transpersonal perspective.<\/p>\n<p style=\"padding-left: 40px;text-align: justify\"><strong><u>Moderator<\/u><\/strong><strong>: <\/strong>Mrs. Lydia Sell\u00e9s Catal\u00e1n.<\/p>\n<p style=\"padding-left: 80px;text-align: justify\">Equality Agent, Facilitator of Women&#8217;s Circles, \u201cEl Viaje de Ariadna\u201d.<\/p>\n<p style=\"text-align: justify\">\n<p>[\/et_pb_text][et_pb_text admin_label=&#8221;viernes tarde&#8221; _builder_version=&#8221;4.17.4&#8243; _module_preset=&#8221;default&#8221; global_colors_info=&#8221;{}&#8221;]<\/p>\n<h2 style=\"text-align: center\"><span style=\"color: #485e29\"><span style=\"font-size: x-large\"><strong>AFTERNOON<\/strong><\/span><\/span><\/h2>\n<hr \/>\n<h3 style=\"text-align: center\"><span style=\"font-size: large;color: #789745\"><strong>Rooms 0.2 and 0.4, Altabix Building (UMH)<\/strong><\/span><\/h3>\n<h3 style=\"text-align: center\">\u00a0<\/h3>\n<p style=\"text-align: justify\">4:00 &#8211; 6:00 p.m. <strong>SCIENTIFIC SESSIONS WITH PRESENTED PAPERS<\/strong><\/p>\n<p style=\"padding-left: 40px;text-align: justify\"><strong>&#8211; SCIENTIFIC SESSION\u00a01 <em>FEMININE SPIRITUALITY, SPIRITUAL FEMINISM, THE CULT OF THE GODDESS AND THE SACRED FEMININE <\/em><\/strong><strong>&#8211; ROOM 0.2.<\/strong> (Altabix Building, Elche Campus, UMH)<\/p>\n<p style=\"padding-left: 80px;text-align: justify\"><strong>Coordination:<\/strong><\/p>\n<p style=\"padding-left: 120px;text-align: justify\">&#8211; Dra. Ana Mar\u00eda Mart\u00ed de Olives.<br \/>Miguel Hern\u00e1ndez University of Elche. Secretary of the Interdisciplinary Center for Gender Studies (CIEG). Member and researcher at the Goddess Portal of the ECULGE Research Group, Miguel Hern\u00e1ndez University of Elche.<\/p>\n<p style=\"padding-left: 120px\">&#8211; Dra. Roc\u00edo Cifuentes Albeza.<br \/>Miguel Hern\u00e1ndez University of Elche. Deputy Director of the Department of Social Sciences and Humanities. Member and Researcher of the Goddess Portal of the ECULGE Research Group, Miguel Hern\u00e1ndez University of Elche.<\/p>\n<p style=\"padding-left: 40px;text-align: justify\"><strong>&#8211; <\/strong><strong>SCIENTIFIC SESSION\u00a02 <\/strong><strong><em>WOMEN&#8217;S CIRCLES<\/em><\/strong><strong><em>\u00a0&#8211;\u00a0<\/em><\/strong><strong>ROOM 0.4. <\/strong>(Altabix Building, Elche Campus, UMH)<\/p>\n<p style=\"padding-left: 80px;text-align: justify\"><strong>Coordination: <\/strong><\/p>\n<p style=\"padding-left: 120px;text-align: justify\">&#8211; Dra. Montserrat Jurado Mar\u00edn.<br \/>Miguel Hern\u00e1ndez University of Elche. Department of Social Sciences and Humanities. Member and Researcher of the Goddess Portal of the ECULGE Research Group, Miguel Hern\u00e1ndez University of Elche.<\/p>\n<p style=\"padding-left: 120px\">&#8211; Dra. Laura Cort\u00e9s Selva. Miguel Hern\u00e1ndez University of Elche. Department of Social Sciences and Humanities. Member and Researcher of the Goddess Portal of the ECULGE Research Group, Miguel Hern\u00e1ndez University of Elche.<\/p>\n<p style=\"text-align: justify\">6:00 &#8211; 6:30 p.m. <strong>COFFEE BREAK<\/strong><\/p>\n<h3 style=\"text-align: center\"><span style=\"font-size: large;color: #789745\"><strong>Aula Magna<\/strong><\/span><\/h3>\n<p>&nbsp;<\/p>\n<p style=\"text-align: justify\">6:30 &#8211; 8:00 p.m.<strong> CLOSING CONFERENCE: \u201cTHE GODDESS IN GLASTONBURY. IN THE NATURE OF AVALON, GODDESS PILGRIMAGES IN GLASTONBURY\u2019S SACRED LANDSCAPE<\/strong><strong><em>\u201d<\/em><\/strong><\/p>\n<p style=\"padding-left: 40px;text-align: justify\"><strong><u>Lecturer<\/u>: <\/strong>Mrs. Kathy Jones (England).<\/p>\n<p style=\"padding-left: 80px;text-align: justify\">Initiating and Founder Priestess, Creative Director and Weaver of the Glastonbury Goddess Temple, The Goddess Hall and The Goddess House. Founder of the Glastonbury Goddess Conference and Initiator of MotherWorld.<\/p>\n<p style=\"padding-left: 40px;text-align: justify\"><strong><u>Presenter and moderator<\/u><\/strong>: Mrs. Carmen Paz.<\/p>\n<p style=\"padding-left: 80px;text-align: justify\">Writer, Mentor of Spiritual Entrepreneurs and Feminist Theologian. Creator of \u201cThe Initiated Woman\u201d.<\/p>\n<p style=\"text-align: justify\">8:00 &#8211; 8:30 p.m.<strong> INSTITUTIONAL CLOSING <\/strong><\/p>\n<p style=\"padding-left: 40px;text-align: justify\">&#8211; Dra. Rosario Carmona Paredes. Director of the Equality Unit, Miguel Hern\u00e1ndez University of Elche.<br \/>&#8211; Dra. M\u00aa Jes\u00fas Navarro R\u00edos. Director of the Interdisciplinary Center for Gender Studies (CIEG), Miguel Hern\u00e1ndez University of Elche.<br \/>&#8211; Dra. Anastasia T\u00e9llez Infantes. President of the congress. Director of the Masculinities Observatory, Miguel Hern\u00e1ndez University of Elche.<\/p>\n<p>[\/et_pb_text][\/et_pb_column][\/et_pb_row][\/et_pb_section]<\/p>\n","protected":false},"excerpt":{"rendered":"<p>PROGRAMFIRST INTERNATIONAL CONGRESS ON THE CULT OF THE GODDESS: FEMININE SPIRITUALITY, SPIRITUAL FEMINISM AND WOMEN&#8217;S CIRCLES (CONCULTDIOSA I) \u00a0 DATES: THURSDAY, JUNE 25, AND FRIDAY, JUNE 26, 2026 &nbsp; &nbsp; VENUE: ALTABIX BUILDING (ELCHE CAMPUS), MIGUEL HERN\u00c1NDEZ UNIVERSITY OF ELCHETHURSDAY, JUNE 25, 2026 AFTERNOON Aula Magna &nbsp; 3:15 &#8211; 3:45 p.m. COLLECTION OF MATERIAL AND [&hellip;]<\/p>\n","protected":false},"author":25245,"featured_media":0,"parent":0,"menu_order":0,"comment_status":"closed","ping_status":"closed","template":"","meta":{"_et_pb_use_builder":"on","_et_pb_old_content":"","_et_gb_content_width":"","_links_to":"","_links_to_target":""},"_links":{"self":[{"href":"https:\/\/congresodiosa.umh.es\/en\/wp-json\/wp\/v2\/pages\/824"}],"collection":[{"href":"https:\/\/congresodiosa.umh.es\/en\/wp-json\/wp\/v2\/pages"}],"about":[{"href":"https:\/\/congresodiosa.umh.es\/en\/wp-json\/wp\/v2\/types\/page"}],"author":[{"embeddable":true,"href":"https:\/\/congresodiosa.umh.es\/en\/wp-json\/wp\/v2\/users\/25245"}],"replies":[{"embeddable":true,"href":"https:\/\/congresodiosa.umh.es\/en\/wp-json\/wp\/v2\/comments?post=824"}],"version-history":[{"count":0,"href":"https:\/\/congresodiosa.umh.es\/en\/wp-json\/wp\/v2\/pages\/824\/revisions"}],"wp:attachment":[{"href":"https:\/\/congresodiosa.umh.es\/en\/wp-json\/wp\/v2\/media?parent=824"}],"curies":[{"name":"wp","href":"https:\/\/api.w.org\/{rel}","templated":true}]}}